{"id":146,"date":"2022-11-25T16:17:01","date_gmt":"2022-11-25T16:17:01","guid":{"rendered":"https:\/\/mjoo.org\/?page_id=146"},"modified":"2022-11-25T16:18:06","modified_gmt":"2022-11-25T16:18:06","slug":"%e0%b8%9a%e0%b8%97%e0%b8%84%e0%b8%a7%e0%b8%b2%e0%b8%a1","status":"publish","type":"page","link":"https:\/\/mjoo.org\/?page_id=146","title":{"rendered":"\u0e1a\u0e17\u0e04\u0e27\u0e32\u0e21"},"content":{"rendered":"\t\t<div data-elementor-type=\"wp-page\" data-elementor-id=\"146\" class=\"elementor elementor-146\" data-elementor-post-type=\"page\">\n\t\t\t\t\t\t<section class=\"elementor-section elementor-top-section elementor-element elementor-element-31c8183 elementor-section-boxed elementor-section-height-default elementor-section-height-default\" data-id=\"31c8183\" data-element_type=\"section\">\n\t\t\t\t\t\t\t<div class=\"elementor-background-overlay\"><\/div>\n\t\t\t\t\t\t\t<div class=\"elementor-container elementor-column-gap-default\">\n\t\t\t\t\t<div class=\"elementor-column elementor-col-100 elementor-top-column elementor-element elementor-element-0a0fb63\" data-id=\"0a0fb63\" data-element_type=\"column\">\n\t\t\t<div class=\"elementor-widget-wrap elementor-element-populated\">\n\t\t\t\t\t\t<div class=\"elementor-element elementor-element-5a3710c elementor-widget elementor-widget-heading\" data-id=\"5a3710c\" data-element_type=\"widget\" data-widget_type=\"heading.default\">\n\t\t\t\t<div class=\"elementor-widget-container\">\n\t\t\t\t\t<h2 class=\"elementor-heading-title elementor-size-default\">\u0e1a\u0e17\u0e04\u0e27\u0e32\u0e21<\/h2>\t\t\t\t<\/div>\n\t\t\t\t<\/div>\n\t\t\t\t<div class=\"elementor-element elementor-element-0e5308b elementor-grid-3 elementor-grid-tablet-2 elementor-grid-mobile-1 elementor-posts--thumbnail-top elementor-card-shadow-yes elementor-posts__hover-gradient elementor-widget elementor-widget-posts\" data-id=\"0e5308b\" data-element_type=\"widget\" data-settings=\"{&quot;cards_columns&quot;:&quot;3&quot;,&quot;cards_columns_tablet&quot;:&quot;2&quot;,&quot;cards_columns_mobile&quot;:&quot;1&quot;,&quot;cards_row_gap&quot;:{&quot;unit&quot;:&quot;px&quot;,&quot;size&quot;:35,&quot;sizes&quot;:[]},&quot;cards_row_gap_tablet&quot;:{&quot;unit&quot;:&quot;px&quot;,&quot;size&quot;:&quot;&quot;,&quot;sizes&quot;:[]},&quot;cards_row_gap_mobile&quot;:{&quot;unit&quot;:&quot;px&quot;,&quot;size&quot;:&quot;&quot;,&quot;sizes&quot;:[]}}\" data-widget_type=\"posts.cards\">\n\t\t\t\t<div class=\"elementor-widget-container\">\n\t\t\t\t\t\t\t<div class=\"elementor-posts-container elementor-posts elementor-posts--skin-cards elementor-grid\">\n\t\t\t\t<article class=\"elementor-post elementor-grid-item post-4111 post type-post status-publish format-standard hentry category-uncategorized\">\n\t\t\t<div class=\"elementor-post__card\">\n\t\t\t\t<div class=\"elementor-post__text\">\n\t\t\t\t<h3 class=\"elementor-post__title\">\n\t\t\t<a href=\"https:\/\/mjoo.org\/?p=4111\" >\n\t\t\t\tLa splendeur des Lansing : [E-Book, PDF]\t\t\t<\/a>\n\t\t<\/h3>\n\t\t\t\t<div class=\"elementor-post__excerpt\">\n\t\t\t<p>La splendeur des Lansing &#8211; Edith Wharton Les personnages sont des silhouettes qui pdfs d\u00e9coupent sur un fond de lumi\u00e8re, mais biblioth\u00e8que n\u2019arrivent pas \u00e0<\/p>\n\t\t<\/div>\n\t\t\n\t\t<a class=\"elementor-post__read-more\" href=\"https:\/\/mjoo.org\/?p=4111\" aria-label=\"Read more about La splendeur des Lansing : [E-Book, PDF]\" tabindex=\"-1\" >\n\t\t\tRead More \u00bb\t\t<\/a>\n\n\t\t\t\t<\/div>\n\t\t\t\t\t<\/div>\n\t\t<\/article>\n\t\t\t\t<article class=\"elementor-post elementor-grid-item post-4181 post type-post status-publish format-standard hentry category-uncategorized\">\n\t\t\t<div class=\"elementor-post__card\">\n\t\t\t\t<div class=\"elementor-post__text\">\n\t\t\t\t<h3 class=\"elementor-post__title\">\n\t\t\t<a href=\"https:\/\/mjoo.org\/?p=4181\" >\n\t\t\t\tLa nuit juste avant les for\u00eats : Livre Gratuit ePub\t\t\t<\/a>\n\t\t<\/h3>\n\t\t\t\t<div class=\"elementor-post__excerpt\">\n\t\t\t<p>La nuit juste avant les for\u00eats &#124; Bernard-Marie Kolt\u00e8s Les personnages sont trop nombreux et fb2 similaires, ce qui rend difficile de les distinguer et<\/p>\n\t\t<\/div>\n\t\t\n\t\t<a class=\"elementor-post__read-more\" href=\"https:\/\/mjoo.org\/?p=4181\" aria-label=\"Read more about La nuit juste avant les for\u00eats : Livre Gratuit ePub\" tabindex=\"-1\" >\n\t\t\tRead More \u00bb\t\t<\/a>\n\n\t\t\t\t<\/div>\n\t\t\t\t\t<\/div>\n\t\t<\/article>\n\t\t\t\t<article class=\"elementor-post elementor-grid-item post-4189 post type-post status-publish format-standard hentry category-uncategorized\">\n\t\t\t<div class=\"elementor-post__card\">\n\t\t\t\t<div class=\"elementor-post__text\">\n\t\t\t\t<h3 class=\"elementor-post__title\">\n\t\t\t<a href=\"https:\/\/mjoo.org\/?p=4189\" >\n\t\t\t\tBaldwin: A Love Story : Free Epub\t\t\t<\/a>\n\t\t<\/h3>\n\t\t\t\t<div class=\"elementor-post__excerpt\">\n\t\t\t<p>Baldwin: A Love Story , Nicholas Boggs I still recall the thrill of discovering the Liaden Universe, a treasure trove of stories that included Conflict<\/p>\n\t\t<\/div>\n\t\t\n\t\t<a class=\"elementor-post__read-more\" href=\"https:\/\/mjoo.org\/?p=4189\" aria-label=\"Read more about Baldwin: A Love Story : Free Epub\" tabindex=\"-1\" >\n\t\t\tRead More \u00bb\t\t<\/a>\n\n\t\t\t\t<\/div>\n\t\t\t\t\t<\/div>\n\t\t<\/article>\n\t\t\t\t<article class=\"elementor-post elementor-grid-item post-4263 post type-post status-publish format-standard hentry category-uncategorized\">\n\t\t\t<div class=\"elementor-post__card\">\n\t\t\t\t<div class=\"elementor-post__text\">\n\t\t\t\t<h3 class=\"elementor-post__title\">\n\t\t\t<a href=\"https:\/\/mjoo.org\/?p=4263\" >\n\t\t\t\tOn a march\u00e9 sur la Lune : Livre Gratuit\t\t\t<\/a>\n\t\t<\/h3>\n\t\t\t\t<div class=\"elementor-post__excerpt\">\n\t\t\t<p>On a march\u00e9 sur la Lune &#124; Herg\u00e9 L&#8217;\u00e9criture est un fleuve qui coule sans se tarir, mais qui manque parfois de profondeur. Le style<\/p>\n\t\t<\/div>\n\t\t\n\t\t<a class=\"elementor-post__read-more\" href=\"https:\/\/mjoo.org\/?p=4263\" aria-label=\"Read more about On a march\u00e9 sur la Lune : Livre Gratuit\" tabindex=\"-1\" >\n\t\t\tRead More \u00bb\t\t<\/a>\n\n\t\t\t\t<\/div>\n\t\t\t\t\t<\/div>\n\t\t<\/article>\n\t\t\t\t<article class=\"elementor-post elementor-grid-item post-3433 post type-post status-publish format-standard hentry category-uncategorized\">\n\t\t\t<div class=\"elementor-post__card\">\n\t\t\t\t<div class=\"elementor-post__text\">\n\t\t\t\t<h3 class=\"elementor-post__title\">\n\t\t\t<a href=\"https:\/\/mjoo.org\/?p=3433\" >\n\t\t\t\tDesigns for Living and Learning: Transforming Early Childhood Environments : Book Review\t\t\t<\/a>\n\t\t<\/h3>\n\t\t\t\t<div class=\"elementor-post__excerpt\">\n\t\t\t<p>Designs for Living and Learning: Transforming Early Childhood Environments Deb Curtis This novel was a gripping testament to the power of resilience and the unyielding<\/p>\n\t\t<\/div>\n\t\t\n\t\t<a class=\"elementor-post__read-more\" href=\"https:\/\/mjoo.org\/?p=3433\" aria-label=\"Read more about Designs for Living and Learning: Transforming Early Childhood Environments : Book Review\" tabindex=\"-1\" >\n\t\t\tRead More \u00bb\t\t<\/a>\n\n\t\t\t\t<\/div>\n\t\t\t\t\t<\/div>\n\t\t<\/article>\n\t\t\t\t<article class=\"elementor-post elementor-grid-item post-3675 post type-post status-publish format-standard hentry category-uncategorized\">\n\t\t\t<div class=\"elementor-post__card\">\n\t\t\t\t<div class=\"elementor-post__text\">\n\t\t\t\t<h3 class=\"elementor-post__title\">\n\t\t\t<a href=\"https:\/\/mjoo.org\/?p=3675\" >\n\t\t\t\tAishite Knight T01: Lucile, Amour &#038; Rock&#8217;n&#8217;Roll &#8211; eBook (PDF)\t\t\t<\/a>\n\t\t<\/h3>\n\t\t\t\t<div class=\"elementor-post__excerpt\">\n\t\t\t<p>Aishite Knight T01: Lucile, Amour &#038; Rock&#8217;n&#8217;Roll &#8211; TADA-K C\u2019est un livre qui ne m\u2019a pas laiss\u00e9 indiff\u00e9rent, m\u00eame si je n\u2019ai t\u00e9l\u00e9chargement gratuit toujours<\/p>\n\t\t<\/div>\n\t\t\n\t\t<a class=\"elementor-post__read-more\" href=\"https:\/\/mjoo.org\/?p=3675\" aria-label=\"Read more about Aishite Knight T01: Lucile, Amour &#038; Rock&#8217;n&#8217;Roll &#8211; eBook (PDF)\" tabindex=\"-1\" >\n\t\t\tRead More \u00bb\t\t<\/a>\n\n\t\t\t\t<\/div>\n\t\t\t\t\t<\/div>\n\t\t<\/article>\n\t\t\t\t<\/div>\n\t\t\n\t\t\t\t\t\t<\/div>\n\t\t\t\t<\/div>\n\t\t\t\t\t<\/div>\n\t\t<\/div>\n\t\t\t\t\t<\/div>\n\t\t<\/section>\n\t\t\t\t<\/div>\n\t\t","protected":false},"excerpt":{"rendered":"<p>\u0e1a\u0e17\u0e04\u0e27\u0e32\u0e21<\/p>\n","protected":false},"author":1,"featured_media":0,"parent":0,"menu_order":0,"comment_status":"closed","ping_status":"closed","template":"elementor_header_footer","meta":{"footnotes":""},"class_list":["post-146","page","type-page","status-publish","hentry"],"yoast_head":"<!-- This site is optimized with the Yoast SEO plugin v23.1 - https:\/\/yoast.com\/wordpress\/plugins\/seo\/ -->\n<title>\u0e1a\u0e17\u0e04\u0e27\u0e32\u0e21 - \u0e27\u0e31\u0e14\u0e17\u0e31\u0e48\u0e27\u0e1b\u0e23\u0e30\u0e40\u0e17\u0e28 \u0e43\u0e19\u0e1b\u0e23\u0e30\u0e40\u0e17\u0e28\u0e44\u0e17\u0e22\u0e21\u0e35\u0e27\u0e31\u0e14\u0e21\u0e32\u0e01\u0e21\u0e32\u0e22<\/title>\n<meta name=\"robots\" content=\"index, follow, max-snippet:-1, max-image-preview:large, max-video-preview:-1\" \/>\n<link rel=\"canonical\" href=\"https:\/\/mjoo.org\/?page_id=146\" \/>\n<meta property=\"og:locale\" content=\"en_US\" \/>\n<meta property=\"og:type\" content=\"article\" \/>\n<meta property=\"og:title\" content=\"\u0e1a\u0e17\u0e04\u0e27\u0e32\u0e21 - \u0e27\u0e31\u0e14\u0e17\u0e31\u0e48\u0e27\u0e1b\u0e23\u0e30\u0e40\u0e17\u0e28 \u0e43\u0e19\u0e1b\u0e23\u0e30\u0e40\u0e17\u0e28\u0e44\u0e17\u0e22\u0e21\u0e35\u0e27\u0e31\u0e14\u0e21\u0e32\u0e01\u0e21\u0e32\u0e22\" \/>\n<meta property=\"og:description\" content=\"\u0e1a\u0e17\u0e04\u0e27\u0e32\u0e21\" \/>\n<meta property=\"og:url\" content=\"https:\/\/mjoo.org\/?page_id=146\" \/>\n<meta property=\"og:site_name\" content=\"\u0e27\u0e31\u0e14\u0e17\u0e31\u0e48\u0e27\u0e1b\u0e23\u0e30\u0e40\u0e17\u0e28 \u0e43\u0e19\u0e1b\u0e23\u0e30\u0e40\u0e17\u0e28\u0e44\u0e17\u0e22\u0e21\u0e35\u0e27\u0e31\u0e14\u0e21\u0e32\u0e01\u0e21\u0e32\u0e22\" \/>\n<meta property=\"article:modified_time\" content=\"2022-11-25T16:18:06+00:00\" \/>\n<meta name=\"twitter:card\" content=\"summary_large_image\" \/>\n<meta name=\"twitter:label1\" content=\"Est. reading time\" \/>\n\t<meta name=\"twitter:data1\" content=\"1 minute\" \/>\n<script type=\"application\/ld+json\" class=\"yoast-schema-graph\">{\"@context\":\"https:\/\/schema.org\",\"@graph\":[{\"@type\":\"WebPage\",\"@id\":\"https:\/\/mjoo.org\/?page_id=146\",\"url\":\"https:\/\/mjoo.org\/?page_id=146\",\"name\":\"\u0e1a\u0e17\u0e04\u0e27\u0e32\u0e21 - \u0e27\u0e31\u0e14\u0e17\u0e31\u0e48\u0e27\u0e1b\u0e23\u0e30\u0e40\u0e17\u0e28 \u0e43\u0e19\u0e1b\u0e23\u0e30\u0e40\u0e17\u0e28\u0e44\u0e17\u0e22\u0e21\u0e35\u0e27\u0e31\u0e14\u0e21\u0e32\u0e01\u0e21\u0e32\u0e22\",\"isPartOf\":{\"@id\":\"https:\/\/mjoo.org\/#website\"},\"datePublished\":\"2022-11-25T16:17:01+00:00\",\"dateModified\":\"2022-11-25T16:18:06+00:00\",\"breadcrumb\":{\"@id\":\"https:\/\/mjoo.org\/?page_id=146#breadcrumb\"},\"inLanguage\":\"en-US\",\"potentialAction\":[{\"@type\":\"ReadAction\",\"target\":[\"https:\/\/mjoo.org\/?page_id=146\"]}]},{\"@type\":\"BreadcrumbList\",\"@id\":\"https:\/\/mjoo.org\/?page_id=146#breadcrumb\",\"itemListElement\":[{\"@type\":\"ListItem\",\"position\":1,\"name\":\"Home\",\"item\":\"https:\/\/mjoo.org\/\"},{\"@type\":\"ListItem\",\"position\":2,\"name\":\"\u0e1a\u0e17\u0e04\u0e27\u0e32\u0e21\"}]},{\"@type\":\"WebSite\",\"@id\":\"https:\/\/mjoo.org\/#website\",\"url\":\"https:\/\/mjoo.org\/\",\"name\":\"\u0e27\u0e31\u0e14\u0e17\u0e31\u0e48\u0e27\u0e1b\u0e23\u0e30\u0e40\u0e17\u0e28 \u0e43\u0e19\u0e1b\u0e23\u0e30\u0e40\u0e17\u0e28\u0e44\u0e17\u0e22\u0e21\u0e35\u0e27\u0e31\u0e14\u0e21\u0e32\u0e01\u0e21\u0e32\u0e22\",\"description\":\"mjoo.org\",\"publisher\":{\"@id\":\"https:\/\/mjoo.org\/#organization\"},\"potentialAction\":[{\"@type\":\"SearchAction\",\"target\":{\"@type\":\"EntryPoint\",\"urlTemplate\":\"https:\/\/mjoo.org\/?s={search_term_string}\"},\"query-input\":\"required name=search_term_string\"}],\"inLanguage\":\"en-US\"},{\"@type\":\"Organization\",\"@id\":\"https:\/\/mjoo.org\/#organization\",\"name\":\"\u0e27\u0e31\u0e14\u0e17\u0e31\u0e48\u0e27\u0e1b\u0e23\u0e30\u0e40\u0e17\u0e28 \u0e43\u0e19\u0e1b\u0e23\u0e30\u0e40\u0e17\u0e28\u0e44\u0e17\u0e22\u0e21\u0e35\u0e27\u0e31\u0e14\u0e21\u0e32\u0e01\u0e21\u0e32\u0e22\",\"url\":\"https:\/\/mjoo.org\/\",\"logo\":{\"@type\":\"ImageObject\",\"inLanguage\":\"en-US\",\"@id\":\"https:\/\/mjoo.org\/#\/schema\/logo\/image\/\",\"url\":\"https:\/\/mjoo.org\/wp-content\/uploads\/2022\/11\/\u0e202_0.png\",\"contentUrl\":\"https:\/\/mjoo.org\/wp-content\/uploads\/2022\/11\/\u0e202_0.png\",\"width\":2000,\"height\":2000,\"caption\":\"\u0e27\u0e31\u0e14\u0e17\u0e31\u0e48\u0e27\u0e1b\u0e23\u0e30\u0e40\u0e17\u0e28 \u0e43\u0e19\u0e1b\u0e23\u0e30\u0e40\u0e17\u0e28\u0e44\u0e17\u0e22\u0e21\u0e35\u0e27\u0e31\u0e14\u0e21\u0e32\u0e01\u0e21\u0e32\u0e22\"},\"image\":{\"@id\":\"https:\/\/mjoo.org\/#\/schema\/logo\/image\/\"}}]}<\/script>\n<!-- \/ Yoast SEO plugin. -->","yoast_head_json":{"title":"\u0e1a\u0e17\u0e04\u0e27\u0e32\u0e21 - \u0e27\u0e31\u0e14\u0e17\u0e31\u0e48\u0e27\u0e1b\u0e23\u0e30\u0e40\u0e17\u0e28 \u0e43\u0e19\u0e1b\u0e23\u0e30\u0e40\u0e17\u0e28\u0e44\u0e17\u0e22\u0e21\u0e35\u0e27\u0e31\u0e14\u0e21\u0e32\u0e01\u0e21\u0e32\u0e22","robots":{"index":"index","follow":"follow","max-snippet":"max-snippet:-1","max-image-preview":"max-image-preview:large","max-video-preview":"max-video-preview:-1"},"canonical":"https:\/\/mjoo.org\/?page_id=146","og_locale":"en_US","og_type":"article","og_title":"\u0e1a\u0e17\u0e04\u0e27\u0e32\u0e21 - \u0e27\u0e31\u0e14\u0e17\u0e31\u0e48\u0e27\u0e1b\u0e23\u0e30\u0e40\u0e17\u0e28 \u0e43\u0e19\u0e1b\u0e23\u0e30\u0e40\u0e17\u0e28\u0e44\u0e17\u0e22\u0e21\u0e35\u0e27\u0e31\u0e14\u0e21\u0e32\u0e01\u0e21\u0e32\u0e22","og_description":"\u0e1a\u0e17\u0e04\u0e27\u0e32\u0e21","og_url":"https:\/\/mjoo.org\/?page_id=146","og_site_name":"\u0e27\u0e31\u0e14\u0e17\u0e31\u0e48\u0e27\u0e1b\u0e23\u0e30\u0e40\u0e17\u0e28 \u0e43\u0e19\u0e1b\u0e23\u0e30\u0e40\u0e17\u0e28\u0e44\u0e17\u0e22\u0e21\u0e35\u0e27\u0e31\u0e14\u0e21\u0e32\u0e01\u0e21\u0e32\u0e22","article_modified_time":"2022-11-25T16:18:06+00:00","twitter_card":"summary_large_image","twitter_misc":{"Est. reading time":"1 minute"},"schema":{"@context":"https:\/\/schema.org","@graph":[{"@type":"WebPage","@id":"https:\/\/mjoo.org\/?page_id=146","url":"https:\/\/mjoo.org\/?page_id=146","name":"\u0e1a\u0e17\u0e04\u0e27\u0e32\u0e21 - \u0e27\u0e31\u0e14\u0e17\u0e31\u0e48\u0e27\u0e1b\u0e23\u0e30\u0e40\u0e17\u0e28 \u0e43\u0e19\u0e1b\u0e23\u0e30\u0e40\u0e17\u0e28\u0e44\u0e17\u0e22\u0e21\u0e35\u0e27\u0e31\u0e14\u0e21\u0e32\u0e01\u0e21\u0e32\u0e22","isPartOf":{"@id":"https:\/\/mjoo.org\/#website"},"datePublished":"2022-11-25T16:17:01+00:00","dateModified":"2022-11-25T16:18:06+00:00","breadcrumb":{"@id":"https:\/\/mjoo.org\/?page_id=146#breadcrumb"},"inLanguage":"en-US","potentialAction":[{"@type":"ReadAction","target":["https:\/\/mjoo.org\/?page_id=146"]}]},{"@type":"BreadcrumbList","@id":"https:\/\/mjoo.org\/?page_id=146#breadcrumb","itemListElement":[{"@type":"ListItem","position":1,"name":"Home","item":"https:\/\/mjoo.org\/"},{"@type":"ListItem","position":2,"name":"\u0e1a\u0e17\u0e04\u0e27\u0e32\u0e21"}]},{"@type":"WebSite","@id":"https:\/\/mjoo.org\/#website","url":"https:\/\/mjoo.org\/","name":"\u0e27\u0e31\u0e14\u0e17\u0e31\u0e48\u0e27\u0e1b\u0e23\u0e30\u0e40\u0e17\u0e28 \u0e43\u0e19\u0e1b\u0e23\u0e30\u0e40\u0e17\u0e28\u0e44\u0e17\u0e22\u0e21\u0e35\u0e27\u0e31\u0e14\u0e21\u0e32\u0e01\u0e21\u0e32\u0e22","description":"mjoo.org","publisher":{"@id":"https:\/\/mjoo.org\/#organization"},"potentialAction":[{"@type":"SearchAction","target":{"@type":"EntryPoint","urlTemplate":"https:\/\/mjoo.org\/?s={search_term_string}"},"query-input":"required name=search_term_string"}],"inLanguage":"en-US"},{"@type":"Organization","@id":"https:\/\/mjoo.org\/#organization","name":"\u0e27\u0e31\u0e14\u0e17\u0e31\u0e48\u0e27\u0e1b\u0e23\u0e30\u0e40\u0e17\u0e28 \u0e43\u0e19\u0e1b\u0e23\u0e30\u0e40\u0e17\u0e28\u0e44\u0e17\u0e22\u0e21\u0e35\u0e27\u0e31\u0e14\u0e21\u0e32\u0e01\u0e21\u0e32\u0e22","url":"https:\/\/mjoo.org\/","logo":{"@type":"ImageObject","inLanguage":"en-US","@id":"https:\/\/mjoo.org\/#\/schema\/logo\/image\/","url":"https:\/\/mjoo.org\/wp-content\/uploads\/2022\/11\/\u0e202_0.png","contentUrl":"https:\/\/mjoo.org\/wp-content\/uploads\/2022\/11\/\u0e202_0.png","width":2000,"height":2000,"caption":"\u0e27\u0e31\u0e14\u0e17\u0e31\u0e48\u0e27\u0e1b\u0e23\u0e30\u0e40\u0e17\u0e28 \u0e43\u0e19\u0e1b\u0e23\u0e30\u0e40\u0e17\u0e28\u0e44\u0e17\u0e22\u0e21\u0e35\u0e27\u0e31\u0e14\u0e21\u0e32\u0e01\u0e21\u0e32\u0e22"},"image":{"@id":"https:\/\/mjoo.org\/#\/schema\/logo\/image\/"}}]}},"_links":{"self":[{"href":"https:\/\/mjoo.org\/index.php?rest_route=\/wp\/v2\/pages\/146","targetHints":{"allow":["GET"]}}],"collection":[{"href":"https:\/\/mjoo.org\/index.php?rest_route=\/wp\/v2\/pages"}],"about":[{"href":"https:\/\/mjoo.org\/index.php?rest_route=\/wp\/v2\/types\/page"}],"author":[{"embeddable":true,"href":"https:\/\/mjoo.org\/index.php?rest_route=\/wp\/v2\/users\/1"}],"replies":[{"embeddable":true,"href":"https:\/\/mjoo.org\/index.php?rest_route=%2Fwp%2Fv2%2Fcomments&post=146"}],"version-history":[{"count":4,"href":"https:\/\/mjoo.org\/index.php?rest_route=\/wp\/v2\/pages\/146\/revisions"}],"predecessor-version":[{"id":150,"href":"https:\/\/mjoo.org\/index.php?rest_route=\/wp\/v2\/pages\/146\/revisions\/150"}],"wp:attachment":[{"href":"https:\/\/mjoo.org\/index.php?rest_route=%2Fwp%2Fv2%2Fmedia&parent=146"}],"curies":[{"name":"wp","href":"https:\/\/api.w.org\/{rel}","templated":true}]}}